{"id":53,"date":"2023-05-29T20:45:06","date_gmt":"2023-05-29T19:45:06","guid":{"rendered":"https:\/\/www.ferreirasilvaatelier.pt\/?page_id=53"},"modified":"2024-09-25T17:46:23","modified_gmt":"2024-09-25T16:46:23","slug":"inicio","status":"publish","type":"page","link":"https:\/\/www.ferreirasilvaatelier.pt\/en\/","title":{"rendered":"Home"},"content":{"rendered":"","protected":false},"excerpt":{"rendered":"","protected":false},"author":1,"featured_media":0,"parent":0,"menu_order":0,"comment_status":"closed","ping_status":"closed","template":"","meta":{"inline_featured_image":false,"footnotes":""},"class_list":["post-53","page","type-page","status-publish","hentry"],"yoast_head":"<!-- This site is optimized with the Yoast SEO plugin v27.5 - https:\/\/yoast.com\/product\/yoast-seo-wordpress\/ -->\n<title>Ferreira Silva Atelier<\/title>\n<meta name=\"description\" content=\"Ferreira Silva Atelier. Somos um est\u00fadio de arquitetura localizado Caldas da Rainha. Suporte em v\u00e1rias fases do processo arquitet\u00f3nico.\" \/>\n<meta name=\"robots\" content=\"index, follow, max-snippet:-1, max-image-preview:large, max-video-preview:-1\" \/>\n<link rel=\"canonical\" href=\"https:\/\/www.ferreirasilvaatelier.pt\/en\/\" \/>\n<meta property=\"og:locale\" content=\"en_GB\" \/>\n<meta property=\"og:type\" content=\"article\" \/>\n<meta property=\"og:title\" content=\"In\u00edcio\" \/>\n<meta property=\"og:description\" content=\"Ferreira Silva Atelier. Somos um est\u00fadio de arquitetura localizado Caldas da Rainha. Suporte em v\u00e1rias fases do processo arquitet\u00f3nico.\" \/>\n<meta property=\"og:url\" content=\"https:\/\/www.ferreirasilvaatelier.pt\/en\/\" \/>\n<meta property=\"og:site_name\" content=\"Ferreira Silva Atelier\u00ae\" \/>\n<meta property=\"article:modified_time\" content=\"2024-09-25T16:46:23+00:00\" \/>\n<meta property=\"og:image\" content=\"https:\/\/www.ferreirasilvaatelier.pt\/wp-content\/uploads\/2022\/11\/ferreira-silva-atelier-bckgrd.jpg\" \/>\n\t<meta property=\"og:image:width\" content=\"1920\" \/>\n\t<meta property=\"og:image:height\" content=\"1071\" \/>\n\t<meta property=\"og:image:type\" content=\"image\/jpeg\" \/>\n<meta name=\"twitter:card\" content=\"summary_large_image\" \/>\n<meta name=\"twitter:title\" content=\"In\u00edcio\" \/>\n<meta name=\"twitter:description\" content=\"Ferreira Silva Atelier. Somos um est\u00fadio de arquitetura localizado Caldas da Rainha. Suporte em v\u00e1rias fases do processo arquitet\u00f3nico.\" \/>\n<meta name=\"twitter:image\" content=\"https:\/\/www.ferreirasilvaatelier.pt\/wp-content\/uploads\/2022\/11\/ferreira-silva-atelier-bckgrd.jpg\" \/>\n<script type=\"application\/ld+json\" class=\"yoast-schema-graph\">{\"@context\":\"https:\\\/\\\/schema.org\",\"@graph\":[{\"@type\":\"WebPage\",\"@id\":\"https:\\\/\\\/www.ferreirasilvaatelier.pt\\\/\",\"url\":\"https:\\\/\\\/www.ferreirasilvaatelier.pt\\\/\",\"name\":\"Ferreira Silva Atelier\",\"isPartOf\":{\"@id\":\"https:\\\/\\\/www.ferreirasilvaatelier.pt\\\/#website\"},\"datePublished\":\"2023-05-29T19:45:06+00:00\",\"dateModified\":\"2024-09-25T16:46:23+00:00\",\"description\":\"Ferreira Silva Atelier. Somos um est\u00fadio de arquitetura localizado Caldas da Rainha. Suporte em v\u00e1rias fases do processo arquitet\u00f3nico.\",\"breadcrumb\":{\"@id\":\"https:\\\/\\\/www.ferreirasilvaatelier.pt\\\/#breadcrumb\"},\"inLanguage\":\"en-GB\",\"potentialAction\":[{\"@type\":\"ReadAction\",\"target\":[\"https:\\\/\\\/www.ferreirasilvaatelier.pt\\\/\"]}]},{\"@type\":\"BreadcrumbList\",\"@id\":\"https:\\\/\\\/www.ferreirasilvaatelier.pt\\\/#breadcrumb\",\"itemListElement\":[{\"@type\":\"ListItem\",\"position\":1,\"name\":\"Home\",\"item\":\"https:\\\/\\\/www.ferreirasilvaatelier.pt\\\/\"},{\"@type\":\"ListItem\",\"position\":2,\"name\":\"In\u00edcio\"}]},{\"@type\":\"WebSite\",\"@id\":\"https:\\\/\\\/www.ferreirasilvaatelier.pt\\\/#website\",\"url\":\"https:\\\/\\\/www.ferreirasilvaatelier.pt\\\/\",\"name\":\"Ferreira Silva Atelier\u00ae\",\"description\":\"arquitectura - remodela\u00e7\u00e3o - design de interiores\",\"publisher\":{\"@id\":\"https:\\\/\\\/www.ferreirasilvaatelier.pt\\\/#organization\"},\"alternateName\":\"Ferreira Silva Atelier - Arquitectura e Design\",\"potentialAction\":[{\"@type\":\"SearchAction\",\"target\":{\"@type\":\"EntryPoint\",\"urlTemplate\":\"https:\\\/\\\/www.ferreirasilvaatelier.pt\\\/?s={search_term_string}\"},\"query-input\":{\"@type\":\"PropertyValueSpecification\",\"valueRequired\":true,\"valueName\":\"search_term_string\"}}],\"inLanguage\":\"en-GB\"},{\"@type\":\"Organization\",\"@id\":\"https:\\\/\\\/www.ferreirasilvaatelier.pt\\\/#organization\",\"name\":\"Ferreira Silva Atelier\",\"alternateName\":\"Ferreira Silva Atelier - Arquitectura e Design\",\"url\":\"https:\\\/\\\/www.ferreirasilvaatelier.pt\\\/\",\"logo\":{\"@type\":\"ImageObject\",\"inLanguage\":\"en-GB\",\"@id\":\"https:\\\/\\\/www.ferreirasilvaatelier.pt\\\/#\\\/schema\\\/logo\\\/image\\\/\",\"url\":\"https:\\\/\\\/www.ferreirasilvaatelier.pt\\\/wp-content\\\/uploads\\\/2022\\\/12\\\/ferreira-silva-atelier.svg\",\"contentUrl\":\"https:\\\/\\\/www.ferreirasilvaatelier.pt\\\/wp-content\\\/uploads\\\/2022\\\/12\\\/ferreira-silva-atelier.svg\",\"caption\":\"Ferreira Silva Atelier\"},\"image\":{\"@id\":\"https:\\\/\\\/www.ferreirasilvaatelier.pt\\\/#\\\/schema\\\/logo\\\/image\\\/\"},\"sameAs\":[\"https:\\\/\\\/www.linkedin.com\\\/company\\\/ferreira-silva-atelier\\\/\",\"https:\\\/\\\/www.instagram.com\\\/ferreirasilvaatelier\"]}]}<\/script>\n<!-- \/ Yoast SEO plugin. -->","yoast_head_json":{"title":"Ferreira Silva Atelier","description":"Ferreira Silva Atelier. Somos um est\u00fadio de arquitetura localizado Caldas da Rainha. Suporte em v\u00e1rias fases do processo arquitet\u00f3nico.","robots":{"index":"index","follow":"follow","max-snippet":"max-snippet:-1","max-image-preview":"max-image-preview:large","max-video-preview":"max-video-preview:-1"},"canonical":"https:\/\/www.ferreirasilvaatelier.pt\/en\/","og_locale":"en_GB","og_type":"article","og_title":"In\u00edcio","og_description":"Ferreira Silva Atelier. Somos um est\u00fadio de arquitetura localizado Caldas da Rainha. Suporte em v\u00e1rias fases do processo arquitet\u00f3nico.","og_url":"https:\/\/www.ferreirasilvaatelier.pt\/en\/","og_site_name":"Ferreira Silva Atelier\u00ae","article_modified_time":"2024-09-25T16:46:23+00:00","og_image":[{"width":1920,"height":1071,"url":"https:\/\/www.ferreirasilvaatelier.pt\/wp-content\/uploads\/2022\/11\/ferreira-silva-atelier-bckgrd.jpg","type":"image\/jpeg"}],"twitter_card":"summary_large_image","twitter_title":"In\u00edcio","twitter_description":"Ferreira Silva Atelier. Somos um est\u00fadio de arquitetura localizado Caldas da Rainha. Suporte em v\u00e1rias fases do processo arquitet\u00f3nico.","twitter_image":"https:\/\/www.ferreirasilvaatelier.pt\/wp-content\/uploads\/2022\/11\/ferreira-silva-atelier-bckgrd.jpg","schema":{"@context":"https:\/\/schema.org","@graph":[{"@type":"WebPage","@id":"https:\/\/www.ferreirasilvaatelier.pt\/","url":"https:\/\/www.ferreirasilvaatelier.pt\/","name":"Ferreira Silva Atelier","isPartOf":{"@id":"https:\/\/www.ferreirasilvaatelier.pt\/#website"},"datePublished":"2023-05-29T19:45:06+00:00","dateModified":"2024-09-25T16:46:23+00:00","description":"Ferreira Silva Atelier. Somos um est\u00fadio de arquitetura localizado Caldas da Rainha. Suporte em v\u00e1rias fases do processo arquitet\u00f3nico.","breadcrumb":{"@id":"https:\/\/www.ferreirasilvaatelier.pt\/#breadcrumb"},"inLanguage":"en-GB","potentialAction":[{"@type":"ReadAction","target":["https:\/\/www.ferreirasilvaatelier.pt\/"]}]},{"@type":"BreadcrumbList","@id":"https:\/\/www.ferreirasilvaatelier.pt\/#breadcrumb","itemListElement":[{"@type":"ListItem","position":1,"name":"Home","item":"https:\/\/www.ferreirasilvaatelier.pt\/"},{"@type":"ListItem","position":2,"name":"In\u00edcio"}]},{"@type":"WebSite","@id":"https:\/\/www.ferreirasilvaatelier.pt\/#website","url":"https:\/\/www.ferreirasilvaatelier.pt\/","name":"Ferreira Silva Atelier\u00ae","description":"arquitectura - remodela\u00e7\u00e3o - design de interiores","publisher":{"@id":"https:\/\/www.ferreirasilvaatelier.pt\/#organization"},"alternateName":"Ferreira Silva Atelier - Arquitectura e Design","potentialAction":[{"@type":"SearchAction","target":{"@type":"EntryPoint","urlTemplate":"https:\/\/www.ferreirasilvaatelier.pt\/?s={search_term_string}"},"query-input":{"@type":"PropertyValueSpecification","valueRequired":true,"valueName":"search_term_string"}}],"inLanguage":"en-GB"},{"@type":"Organization","@id":"https:\/\/www.ferreirasilvaatelier.pt\/#organization","name":"Ferreira Silva Atelier","alternateName":"Ferreira Silva Atelier - Arquitectura e Design","url":"https:\/\/www.ferreirasilvaatelier.pt\/","logo":{"@type":"ImageObject","inLanguage":"en-GB","@id":"https:\/\/www.ferreirasilvaatelier.pt\/#\/schema\/logo\/image\/","url":"https:\/\/www.ferreirasilvaatelier.pt\/wp-content\/uploads\/2022\/12\/ferreira-silva-atelier.svg","contentUrl":"https:\/\/www.ferreirasilvaatelier.pt\/wp-content\/uploads\/2022\/12\/ferreira-silva-atelier.svg","caption":"Ferreira Silva Atelier"},"image":{"@id":"https:\/\/www.ferreirasilvaatelier.pt\/#\/schema\/logo\/image\/"},"sameAs":["https:\/\/www.linkedin.com\/company\/ferreira-silva-atelier\/","https:\/\/www.instagram.com\/ferreirasilvaatelier"]}]}},"_links":{"self":[{"href":"https:\/\/www.ferreirasilvaatelier.pt\/en\/wp-json\/wp\/v2\/pages\/53","targetHints":{"allow":["GET"]}}],"collection":[{"href":"https:\/\/www.ferreirasilvaatelier.pt\/en\/wp-json\/wp\/v2\/pages"}],"about":[{"href":"https:\/\/www.ferreirasilvaatelier.pt\/en\/wp-json\/wp\/v2\/types\/page"}],"author":[{"embeddable":true,"href":"https:\/\/www.ferreirasilvaatelier.pt\/en\/wp-json\/wp\/v2\/users\/1"}],"replies":[{"embeddable":true,"href":"https:\/\/www.ferreirasilvaatelier.pt\/en\/wp-json\/wp\/v2\/comments?post=53"}],"version-history":[{"count":1,"href":"https:\/\/www.ferreirasilvaatelier.pt\/en\/wp-json\/wp\/v2\/pages\/53\/revisions"}],"predecessor-version":[{"id":246,"href":"https:\/\/www.ferreirasilvaatelier.pt\/en\/wp-json\/wp\/v2\/pages\/53\/revisions\/246"}],"wp:attachment":[{"href":"https:\/\/www.ferreirasilvaatelier.pt\/en\/wp-json\/wp\/v2\/media?parent=53"}],"curies":[{"name":"wp","href":"https:\/\/api.w.org\/{rel}","templated":true}]}}