{"id":47,"date":"2023-05-29T17:00:34","date_gmt":"2023-05-29T16:00:34","guid":{"rendered":"https:\/\/www.ferreirasilvaatelier.pt\/about"},"modified":"2025-01-21T11:43:20","modified_gmt":"2025-01-21T11:43:20","slug":"atelier","status":"publish","type":"page","link":"https:\/\/www.ferreirasilvaatelier.pt\/en\/atelier","title":{"rendered":"Atelier"},"content":{"rendered":"","protected":false},"excerpt":{"rendered":"","protected":false},"author":1,"featured_media":129,"parent":0,"menu_order":0,"comment_status":"closed","ping_status":"closed","template":"","meta":{"inline_featured_image":false,"footnotes":""},"class_list":["post-47","page","type-page","status-publish","has-post-thumbnail","hentry"],"yoast_head":"<!-- This site is optimized with the Yoast SEO plugin v27.5 - https:\/\/yoast.com\/product\/yoast-seo-wordpress\/ -->\n<title>Atelier - Ferreira Silva Atelier\u00ae<\/title>\n<meta name=\"description\" content=\"Atelier de arquitetura localizado nas Caldas da Rainha. Servi\u00e7os de 3D Archicad, BIMI e desenvolvimento de Estudos Pr\u00e9vios e Licenciamentos\" \/>\n<meta name=\"robots\" content=\"index, follow, max-snippet:-1, max-image-preview:large, max-video-preview:-1\" \/>\n<link rel=\"canonical\" href=\"https:\/\/www.ferreirasilvaatelier.pt\/en\/atelier\/\" \/>\n<meta property=\"og:locale\" content=\"en_GB\" \/>\n<meta property=\"og:type\" content=\"article\" \/>\n<meta property=\"og:title\" content=\"Atelier\" \/>\n<meta property=\"og:description\" content=\"Bem-vindos ao Ferreira Silva Atelier. Somos um est\u00fadio de arquitetura localizado nas Caldas da Rainha. Servi\u00e7os de suporte em v\u00e1rias fases do processo arquitet\u00f3nico, desde o desenvolvimento de Estudos Pr\u00e9vios e Licenciamentos, at\u00e9 \u00e0 execu\u00e7\u00e3o de Desenhos de Apoio \u00e0 Obra e \u00e0 cria\u00e7\u00e3o de modelos 3D.\" \/>\n<meta property=\"og:url\" content=\"https:\/\/www.ferreirasilvaatelier.pt\/en\/atelier\/\" \/>\n<meta property=\"og:site_name\" content=\"Ferreira Silva Atelier\u00ae\" \/>\n<meta property=\"article:modified_time\" content=\"2025-01-21T11:43:20+00:00\" \/>\n<meta property=\"og:image\" content=\"https:\/\/www.ferreirasilvaatelier.pt\/wp-content\/uploads\/2023\/06\/ferreira-silva-atelier-carimbo.jpg\" \/>\n<meta name=\"twitter:card\" content=\"summary_large_image\" \/>\n<meta name=\"twitter:title\" content=\"Atelier\" \/>\n<meta name=\"twitter:description\" content=\"Bem-vindos ao Ferreira Silva Atelier. Somos um est\u00fadio de arquitetura localizado nas Caldas da Rainha. Servi\u00e7os de suporte em v\u00e1rias fases do processo arquitet\u00f3nico, desde o desenvolvimento de Estudos Pr\u00e9vios e Licenciamentos, at\u00e9 \u00e0 execu\u00e7\u00e3o de Desenhos de Apoio \u00e0 Obra e \u00e0 cria\u00e7\u00e3o de modelos 3D.\" \/>\n<meta name=\"twitter:image\" content=\"https:\/\/www.ferreirasilvaatelier.pt\/wp-content\/uploads\/2023\/06\/ferreira-silva-atelier-carimbo.jpg\" \/>\n<meta name=\"twitter:label1\" content=\"Estimated reading time\" \/>\n\t<meta name=\"twitter:data1\" content=\"1 minute\" \/>\n<script type=\"application\/ld+json\" class=\"yoast-schema-graph\">{\"@context\":\"https:\\\/\\\/schema.org\",\"@graph\":[{\"@type\":[\"WebPage\",\"AboutPage\"],\"@id\":\"https:\\\/\\\/www.ferreirasilvaatelier.pt\\\/atelier\",\"url\":\"https:\\\/\\\/www.ferreirasilvaatelier.pt\\\/atelier\",\"name\":\"Atelier - Ferreira Silva Atelier\u00ae\",\"isPartOf\":{\"@id\":\"https:\\\/\\\/www.ferreirasilvaatelier.pt\\\/#website\"},\"primaryImageOfPage\":{\"@id\":\"https:\\\/\\\/www.ferreirasilvaatelier.pt\\\/atelier#primaryimage\"},\"image\":{\"@id\":\"https:\\\/\\\/www.ferreirasilvaatelier.pt\\\/atelier#primaryimage\"},\"thumbnailUrl\":\"https:\\\/\\\/www.ferreirasilvaatelier.pt\\\/wp-content\\\/uploads\\\/2023\\\/06\\\/ferreira-silva-atelier-carimbo.jpg\",\"datePublished\":\"2023-05-29T16:00:34+00:00\",\"dateModified\":\"2025-01-21T11:43:20+00:00\",\"description\":\"Atelier de arquitetura localizado nas Caldas da Rainha. Servi\u00e7os de 3D Archicad, BIMI e desenvolvimento de Estudos Pr\u00e9vios e Licenciamentos\",\"breadcrumb\":{\"@id\":\"https:\\\/\\\/www.ferreirasilvaatelier.pt\\\/atelier#breadcrumb\"},\"inLanguage\":\"en-GB\",\"potentialAction\":[{\"@type\":\"ReadAction\",\"target\":[\"https:\\\/\\\/www.ferreirasilvaatelier.pt\\\/atelier\"]}]},{\"@type\":\"ImageObject\",\"inLanguage\":\"en-GB\",\"@id\":\"https:\\\/\\\/www.ferreirasilvaatelier.pt\\\/atelier#primaryimage\",\"url\":\"https:\\\/\\\/www.ferreirasilvaatelier.pt\\\/wp-content\\\/uploads\\\/2023\\\/06\\\/ferreira-silva-atelier-carimbo.jpg\",\"contentUrl\":\"https:\\\/\\\/www.ferreirasilvaatelier.pt\\\/wp-content\\\/uploads\\\/2023\\\/06\\\/ferreira-silva-atelier-carimbo.jpg\",\"width\":1920,\"height\":1071,\"caption\":\"ferreira-silva-atelier-carimbo\"},{\"@type\":\"BreadcrumbList\",\"@id\":\"https:\\\/\\\/www.ferreirasilvaatelier.pt\\\/atelier#breadcrumb\",\"itemListElement\":[{\"@type\":\"ListItem\",\"position\":1,\"name\":\"Home\",\"item\":\"https:\\\/\\\/www.ferreirasilvaatelier.pt\\\/\"},{\"@type\":\"ListItem\",\"position\":2,\"name\":\"Atelier\"}]},{\"@type\":\"WebSite\",\"@id\":\"https:\\\/\\\/www.ferreirasilvaatelier.pt\\\/#website\",\"url\":\"https:\\\/\\\/www.ferreirasilvaatelier.pt\\\/\",\"name\":\"Ferreira Silva Atelier\u00ae\",\"description\":\"arquitectura - remodela\u00e7\u00e3o - design de interiores\",\"publisher\":{\"@id\":\"https:\\\/\\\/www.ferreirasilvaatelier.pt\\\/#organization\"},\"alternateName\":\"Ferreira Silva Atelier - Arquitectura e Design\",\"potentialAction\":[{\"@type\":\"SearchAction\",\"target\":{\"@type\":\"EntryPoint\",\"urlTemplate\":\"https:\\\/\\\/www.ferreirasilvaatelier.pt\\\/?s={search_term_string}\"},\"query-input\":{\"@type\":\"PropertyValueSpecification\",\"valueRequired\":true,\"valueName\":\"search_term_string\"}}],\"inLanguage\":\"en-GB\"},{\"@type\":\"Organization\",\"@id\":\"https:\\\/\\\/www.ferreirasilvaatelier.pt\\\/#organization\",\"name\":\"Ferreira Silva Atelier\",\"alternateName\":\"Ferreira Silva Atelier - Arquitectura e Design\",\"url\":\"https:\\\/\\\/www.ferreirasilvaatelier.pt\\\/\",\"logo\":{\"@type\":\"ImageObject\",\"inLanguage\":\"en-GB\",\"@id\":\"https:\\\/\\\/www.ferreirasilvaatelier.pt\\\/#\\\/schema\\\/logo\\\/image\\\/\",\"url\":\"https:\\\/\\\/www.ferreirasilvaatelier.pt\\\/wp-content\\\/uploads\\\/2022\\\/12\\\/ferreira-silva-atelier.svg\",\"contentUrl\":\"https:\\\/\\\/www.ferreirasilvaatelier.pt\\\/wp-content\\\/uploads\\\/2022\\\/12\\\/ferreira-silva-atelier.svg\",\"caption\":\"Ferreira Silva Atelier\"},\"image\":{\"@id\":\"https:\\\/\\\/www.ferreirasilvaatelier.pt\\\/#\\\/schema\\\/logo\\\/image\\\/\"},\"sameAs\":[\"https:\\\/\\\/www.linkedin.com\\\/company\\\/ferreira-silva-atelier\\\/\",\"https:\\\/\\\/www.instagram.com\\\/ferreirasilvaatelier\"]}]}<\/script>\n<!-- \/ Yoast SEO plugin. -->","yoast_head_json":{"title":"Atelier - Ferreira Silva Atelier\u00ae","description":"Atelier de arquitetura localizado nas Caldas da Rainha. Servi\u00e7os de 3D Archicad, BIMI e desenvolvimento de Estudos Pr\u00e9vios e Licenciamentos","robots":{"index":"index","follow":"follow","max-snippet":"max-snippet:-1","max-image-preview":"max-image-preview:large","max-video-preview":"max-video-preview:-1"},"canonical":"https:\/\/www.ferreirasilvaatelier.pt\/en\/atelier\/","og_locale":"en_GB","og_type":"article","og_title":"Atelier","og_description":"Bem-vindos ao Ferreira Silva Atelier. Somos um est\u00fadio de arquitetura localizado nas Caldas da Rainha. Servi\u00e7os de suporte em v\u00e1rias fases do processo arquitet\u00f3nico, desde o desenvolvimento de Estudos Pr\u00e9vios e Licenciamentos, at\u00e9 \u00e0 execu\u00e7\u00e3o de Desenhos de Apoio \u00e0 Obra e \u00e0 cria\u00e7\u00e3o de modelos 3D.","og_url":"https:\/\/www.ferreirasilvaatelier.pt\/en\/atelier\/","og_site_name":"Ferreira Silva Atelier\u00ae","article_modified_time":"2025-01-21T11:43:20+00:00","og_image":[{"url":"https:\/\/www.ferreirasilvaatelier.pt\/wp-content\/uploads\/2023\/06\/ferreira-silva-atelier-carimbo.jpg","type":"","width":"","height":""}],"twitter_card":"summary_large_image","twitter_title":"Atelier","twitter_description":"Bem-vindos ao Ferreira Silva Atelier. Somos um est\u00fadio de arquitetura localizado nas Caldas da Rainha. Servi\u00e7os de suporte em v\u00e1rias fases do processo arquitet\u00f3nico, desde o desenvolvimento de Estudos Pr\u00e9vios e Licenciamentos, at\u00e9 \u00e0 execu\u00e7\u00e3o de Desenhos de Apoio \u00e0 Obra e \u00e0 cria\u00e7\u00e3o de modelos 3D.","twitter_image":"https:\/\/www.ferreirasilvaatelier.pt\/wp-content\/uploads\/2023\/06\/ferreira-silva-atelier-carimbo.jpg","twitter_misc":{"Estimated reading time":"1 minute"},"schema":{"@context":"https:\/\/schema.org","@graph":[{"@type":["WebPage","AboutPage"],"@id":"https:\/\/www.ferreirasilvaatelier.pt\/atelier","url":"https:\/\/www.ferreirasilvaatelier.pt\/atelier","name":"Atelier - Ferreira Silva Atelier\u00ae","isPartOf":{"@id":"https:\/\/www.ferreirasilvaatelier.pt\/#website"},"primaryImageOfPage":{"@id":"https:\/\/www.ferreirasilvaatelier.pt\/atelier#primaryimage"},"image":{"@id":"https:\/\/www.ferreirasilvaatelier.pt\/atelier#primaryimage"},"thumbnailUrl":"https:\/\/www.ferreirasilvaatelier.pt\/wp-content\/uploads\/2023\/06\/ferreira-silva-atelier-carimbo.jpg","datePublished":"2023-05-29T16:00:34+00:00","dateModified":"2025-01-21T11:43:20+00:00","description":"Atelier de arquitetura localizado nas Caldas da Rainha. Servi\u00e7os de 3D Archicad, BIMI e desenvolvimento de Estudos Pr\u00e9vios e Licenciamentos","breadcrumb":{"@id":"https:\/\/www.ferreirasilvaatelier.pt\/atelier#breadcrumb"},"inLanguage":"en-GB","potentialAction":[{"@type":"ReadAction","target":["https:\/\/www.ferreirasilvaatelier.pt\/atelier"]}]},{"@type":"ImageObject","inLanguage":"en-GB","@id":"https:\/\/www.ferreirasilvaatelier.pt\/atelier#primaryimage","url":"https:\/\/www.ferreirasilvaatelier.pt\/wp-content\/uploads\/2023\/06\/ferreira-silva-atelier-carimbo.jpg","contentUrl":"https:\/\/www.ferreirasilvaatelier.pt\/wp-content\/uploads\/2023\/06\/ferreira-silva-atelier-carimbo.jpg","width":1920,"height":1071,"caption":"ferreira-silva-atelier-carimbo"},{"@type":"BreadcrumbList","@id":"https:\/\/www.ferreirasilvaatelier.pt\/atelier#breadcrumb","itemListElement":[{"@type":"ListItem","position":1,"name":"Home","item":"https:\/\/www.ferreirasilvaatelier.pt\/"},{"@type":"ListItem","position":2,"name":"Atelier"}]},{"@type":"WebSite","@id":"https:\/\/www.ferreirasilvaatelier.pt\/#website","url":"https:\/\/www.ferreirasilvaatelier.pt\/","name":"Ferreira Silva Atelier\u00ae","description":"arquitectura - remodela\u00e7\u00e3o - design de interiores","publisher":{"@id":"https:\/\/www.ferreirasilvaatelier.pt\/#organization"},"alternateName":"Ferreira Silva Atelier - Arquitectura e Design","potentialAction":[{"@type":"SearchAction","target":{"@type":"EntryPoint","urlTemplate":"https:\/\/www.ferreirasilvaatelier.pt\/?s={search_term_string}"},"query-input":{"@type":"PropertyValueSpecification","valueRequired":true,"valueName":"search_term_string"}}],"inLanguage":"en-GB"},{"@type":"Organization","@id":"https:\/\/www.ferreirasilvaatelier.pt\/#organization","name":"Ferreira Silva Atelier","alternateName":"Ferreira Silva Atelier - Arquitectura e Design","url":"https:\/\/www.ferreirasilvaatelier.pt\/","logo":{"@type":"ImageObject","inLanguage":"en-GB","@id":"https:\/\/www.ferreirasilvaatelier.pt\/#\/schema\/logo\/image\/","url":"https:\/\/www.ferreirasilvaatelier.pt\/wp-content\/uploads\/2022\/12\/ferreira-silva-atelier.svg","contentUrl":"https:\/\/www.ferreirasilvaatelier.pt\/wp-content\/uploads\/2022\/12\/ferreira-silva-atelier.svg","caption":"Ferreira Silva Atelier"},"image":{"@id":"https:\/\/www.ferreirasilvaatelier.pt\/#\/schema\/logo\/image\/"},"sameAs":["https:\/\/www.linkedin.com\/company\/ferreira-silva-atelier\/","https:\/\/www.instagram.com\/ferreirasilvaatelier"]}]}},"_links":{"self":[{"href":"https:\/\/www.ferreirasilvaatelier.pt\/en\/wp-json\/wp\/v2\/pages\/47","targetHints":{"allow":["GET"]}}],"collection":[{"href":"https:\/\/www.ferreirasilvaatelier.pt\/en\/wp-json\/wp\/v2\/pages"}],"about":[{"href":"https:\/\/www.ferreirasilvaatelier.pt\/en\/wp-json\/wp\/v2\/types\/page"}],"author":[{"embeddable":true,"href":"https:\/\/www.ferreirasilvaatelier.pt\/en\/wp-json\/wp\/v2\/users\/1"}],"replies":[{"embeddable":true,"href":"https:\/\/www.ferreirasilvaatelier.pt\/en\/wp-json\/wp\/v2\/comments?post=47"}],"version-history":[{"count":1,"href":"https:\/\/www.ferreirasilvaatelier.pt\/en\/wp-json\/wp\/v2\/pages\/47\/revisions"}],"predecessor-version":[{"id":200,"href":"https:\/\/www.ferreirasilvaatelier.pt\/en\/wp-json\/wp\/v2\/pages\/47\/revisions\/200"}],"wp:featuredmedia":[{"embeddable":true,"href":"https:\/\/www.ferreirasilvaatelier.pt\/en\/wp-json\/wp\/v2\/media\/129"}],"wp:attachment":[{"href":"https:\/\/www.ferreirasilvaatelier.pt\/en\/wp-json\/wp\/v2\/media?parent=47"}],"curies":[{"name":"wp","href":"https:\/\/api.w.org\/{rel}","templated":true}]}}